{"id":108,"date":"2025-04-10T09:07:33","date_gmt":"2025-04-10T09:07:33","guid":{"rendered":"https:\/\/printlet.de\/home\/?page_id=108"},"modified":"2026-02-05T08:42:14","modified_gmt":"2026-02-05T08:42:14","slug":"impressum","status":"publish","type":"page","link":"https:\/\/printlet.de\/home\/?page_id=108","title":{"rendered":"Impressum"},"content":{"rendered":"<div class=\"\" style=\"\" >\n    \n    <section class=\"u-clearfix u-section-2\" id=\"sec-7149\">\n      <div class=\"u-clearfix u-sheet u-sheet-1\">\n        <h2 class=\"u-text u-text-default u-text-1\">Impressum<\/h2>\n        <p class=\"u-text u-text-2\">\n          <a href=\"https:\/\/printlet.de\/home\/\" class=\"u-btn u-button-link u-button-style u-text-active-custom-color-10 u-text-hover-custom-color-8 u-btn-1\"> Printlet GmbH<\/a>&nbsp;<br>Genker Stra\u00dfe 20&nbsp;<br>53842 Troisdorf&nbsp;<br>\n          <br><span style=\"font-weight: 600;\">Vertretungsberechtigter Gesch\u00e4ftsf\u00fchrer:<\/span>&nbsp;<br>Sascha Engels und Michael Hoffmann<br>\n          <br><span style=\"font-weight: 700;\">E-Mail: <\/span>\n          <a href=\"mailto:info@printlet.de\" class=\"u-btn u-button-link u-button-style u-text-active-custom-color-8 u-text-hover-custom-color-10 u-btn-2\">info@printlet.de<\/a>&nbsp;<br><span style=\"font-weight: 700;\"> Tel.:<\/span>\n          <a href=\"tel:+4922412500345\" class=\"u-btn u-button-link u-button-style u-text-active-custom-color-8 u-text-hover-custom-color-10 u-btn-3\">+49(0)2241 2500 345<\/a>\n          <br>\n          <br><span style=\"font-weight: 600;\">Registergericht:<\/span> Amtsgericht Siegburg<br><span style=\"font-weight: 600;\">Registernummer: <\/span>HRB 10998&nbsp;<br>\n          <br><span style=\"font-weight: 600;\">Datenschutz-Beauftragte:<\/span>&nbsp;<br>Frau Rechtsanw\u00e4ltin Justyna Rulewicz,&nbsp;<br>AGOR AG,&nbsp;<br>Hanauer Landstra\u00dfe 151-153,&nbsp;<br>60314 Frankfurt am Main&nbsp;<br>\n          <br><span style=\"font-weight: 600;\">Umsatzsteueridentifikationsnummer gem. \u00a7 27 a UStG:<\/span>&nbsp;<br><b><span style=\"font-weight: 400;\">DE 267 391 751<\/span><\/b>&nbsp; &nbsp; &nbsp; &nbsp; &nbsp;&nbsp;\n        <\/p>\n      <\/div>\n    <\/section>\n    \n    \n    \n  \n<\/div>","protected":false},"excerpt":{"rendered":"<p>Impressum Printlet GmbH&nbsp;Genker Stra\u00dfe 20&nbsp;53842 Troisdorf&nbsp; Vertretungsberechtigter Gesch\u00e4ftsf\u00fchrer:&nbsp;Sascha Engels und Michael Hoffmann E-Mail: info@printlet.de&nbsp; Tel.: +49(0)2241 2500 345 Registergericht: Amtsgericht SiegburgRegisternummer: HRB 10998&nbsp; Datenschutz-Beauftragte:&nbsp;Frau Rechtsanw\u00e4ltin Justyna Rulewicz,&nbsp;AGOR AG,&nbsp;Hanauer Landstra\u00dfe 151-153,&nbsp;60314 Frankfurt am Main&nbsp; Umsatzsteueridentifikationsnummer gem. \u00a7 27 a UStG:&nbsp;DE 267 391 751&nbsp; &nbsp; &nbsp; &nbsp; &nbsp;&nbsp;<\/p>\n","protected":false},"author":1,"featured_media":0,"parent":11,"menu_order":0,"comment_status":"closed","ping_status":"closed","template":"","meta":{"footnotes":""},"class_list":["post-108","page","type-page","status-publish"],"_links":{"self":[{"href":"https:\/\/printlet.de\/home\/index.php?rest_route=\/wp\/v2\/pages\/108","targetHints":{"allow":["GET"]}}],"collection":[{"href":"https:\/\/printlet.de\/home\/index.php?rest_route=\/wp\/v2\/pages"}],"about":[{"href":"https:\/\/printlet.de\/home\/index.php?rest_route=\/wp\/v2\/types\/page"}],"author":[{"embeddable":true,"href":"https:\/\/printlet.de\/home\/index.php?rest_route=\/wp\/v2\/users\/1"}],"replies":[{"embeddable":true,"href":"https:\/\/printlet.de\/home\/index.php?rest_route=%2Fwp%2Fv2%2Fcomments&post=108"}],"version-history":[{"count":11,"href":"https:\/\/printlet.de\/home\/index.php?rest_route=\/wp\/v2\/pages\/108\/revisions"}],"predecessor-version":[{"id":351,"href":"https:\/\/printlet.de\/home\/index.php?rest_route=\/wp\/v2\/pages\/108\/revisions\/351"}],"up":[{"embeddable":true,"href":"https:\/\/printlet.de\/home\/index.php?rest_route=\/wp\/v2\/pages\/11"}],"wp:attachment":[{"href":"https:\/\/printlet.de\/home\/index.php?rest_route=%2Fwp%2Fv2%2Fmedia&parent=108"}],"curies":[{"name":"wp","href":"https:\/\/api.w.org\/{rel}","templated":true}]}}